{"id":3858,"date":"2018-01-22T16:02:59","date_gmt":"2018-01-22T15:02:59","guid":{"rendered":"https:\/\/www.nidauer-stedtlifest.ch\/visiteurs\/"},"modified":"2025-11-09T20:56:19","modified_gmt":"2025-11-09T19:56:19","slug":"visiteurs","status":"publish","type":"page","link":"https:\/\/www.nidauer-stedtlifest.ch\/fr\/visiteurs\/","title":{"rendered":"Nidauer Stedtlifest 2026"},"content":{"rendered":"\n<h2 class=\"wp-block-heading\">La prochaine f\u00eate du Stedli de Nidau aura lieu le vendredi 29 mai et le samedi 30 mai.<\/h2>\n\n\n\n<!--\n\n\n\n<p>Nous vous recommandons de venir en transports publics ou \u00e0 pied.<\/p>\n\n\n\n<ul class=\"wp-block-list\">\n<li><strong>\u00c0 pied<\/strong> : Au d\u00e9part de la gare de Bienne ou le d\u00e9barcad\u00e8re, il faut compter \u00e0 peine 10 minutes \u00e0 pied jusqu'\u00e0 la Stedtlifest.<\/li>\n\n\n\n<li><strong>Bus<\/strong> : La ligne de bus n\u00b0 4 vous conduit directement de la gare de Bienne \u00e0 la Stedtlifest.<\/li>\n\n\n\n<li><strong>Train BTI<\/strong> : Au d\u00e9part de la gare de Bienne, le petit train Bienne-T\u00e4uffelen-Ins vous conduit \u00e0 la station Nidau et donc directement \u00e0 la Stedtlifest.<\/li>\n<\/ul>\n\n\n\n<p><strong>Le parking de la Stedtlifest<\/strong> se trouve sur le site de l'Expo, acc\u00e8s par la Dr. Schneider-Strasse.<\/p>\n\n\n\n<p>Frais de parking : 10 CHF\/jour<\/p>\n\n\n\n-->\n","protected":false},"excerpt":{"rendered":"<p>La f\u00eate du centre-ville de Nidau 2026 aura lieu du 29 au 30 mai.<\/p>\n","protected":false},"author":9,"featured_media":3605,"parent":0,"menu_order":17,"comment_status":"closed","ping_status":"closed","template":"","meta":{"_acf_changed":false,"footnotes":""},"seitenarten":[33],"class_list":["post-3858","page","type-page","status-publish","has-post-thumbnail"],"acf":[],"_links":{"self":[{"href":"https:\/\/www.nidauer-stedtlifest.ch\/fr\/wp-json\/wp\/v2\/pages\/3858","targetHints":{"allow":["GET"]}}],"collection":[{"href":"https:\/\/www.nidauer-stedtlifest.ch\/fr\/wp-json\/wp\/v2\/pages"}],"about":[{"href":"https:\/\/www.nidauer-stedtlifest.ch\/fr\/wp-json\/wp\/v2\/types\/page"}],"author":[{"embeddable":true,"href":"https:\/\/www.nidauer-stedtlifest.ch\/fr\/wp-json\/wp\/v2\/users\/9"}],"replies":[{"embeddable":true,"href":"https:\/\/www.nidauer-stedtlifest.ch\/fr\/wp-json\/wp\/v2\/comments?post=3858"}],"version-history":[{"count":23,"href":"https:\/\/www.nidauer-stedtlifest.ch\/fr\/wp-json\/wp\/v2\/pages\/3858\/revisions"}],"predecessor-version":[{"id":4691,"href":"https:\/\/www.nidauer-stedtlifest.ch\/fr\/wp-json\/wp\/v2\/pages\/3858\/revisions\/4691"}],"wp:featuredmedia":[{"embeddable":true,"href":"https:\/\/www.nidauer-stedtlifest.ch\/fr\/wp-json\/wp\/v2\/media\/3605"}],"wp:attachment":[{"href":"https:\/\/www.nidauer-stedtlifest.ch\/fr\/wp-json\/wp\/v2\/media?parent=3858"}],"wp:term":[{"taxonomy":"seitenarten","embeddable":true,"href":"https:\/\/www.nidauer-stedtlifest.ch\/fr\/wp-json\/wp\/v2\/seitenarten?post=3858"}],"curies":[{"name":"wp","href":"https:\/\/api.w.org\/{rel}","templated":true}]}}