{"id":3860,"date":"2018-01-22T16:54:00","date_gmt":"2018-01-22T15:54:00","guid":{"rendered":"https:\/\/www.nidauer-stedtlifest.ch\/exploitants\/"},"modified":"2026-03-06T14:58:05","modified_gmt":"2026-03-06T13:58:05","slug":"exploitants","status":"publish","type":"page","link":"https:\/\/www.nidauer-stedtlifest.ch\/fr\/exploitants\/","title":{"rendered":"Informations pour les exploitants de stand"},"content":{"rendered":"\n<p><b>La date limite de d\u00e9p\u00f4t des candidatures est d\u00e9pass\u00e9e.<\/b> Nous ne pouvons plus accepter de nouvelles candidatures.<\/p>\n\n<p><\/p>\n\n<p>Cette ann\u00e9e encore, la demande est exceptionnellement \u00e9lev\u00e9e. Malheureusement, nous ne pouvons pas satisfaire toutes les demandes. Nous avons donc d\u00e9j\u00e0 \u00e9tabli une liste d&rsquo;attente pour les demandes re\u00e7ues dans les d\u00e9lais. Les appels d&rsquo;offres pour 2027 seront publi\u00e9s sur notre site web d\u00e9but janvier 2027.<\/p>\n\n<p><\/p>\n\n<p>Nous vous remercions de votre compr\u00e9hension.<\/p>\n\n<p><\/p>\n","protected":false},"excerpt":{"rendered":"<p>La date limite de d\u00e9p\u00f4t des candidatures est d\u00e9pass\u00e9e.<\/p>\n","protected":false},"author":9,"featured_media":1746,"parent":0,"menu_order":19,"comment_status":"closed","ping_status":"closed","template":"","meta":{"_acf_changed":false,"footnotes":""},"seitenarten":[33],"class_list":["post-3860","page","type-page","status-publish","has-post-thumbnail"],"acf":[],"_links":{"self":[{"href":"https:\/\/www.nidauer-stedtlifest.ch\/fr\/wp-json\/wp\/v2\/pages\/3860","targetHints":{"allow":["GET"]}}],"collection":[{"href":"https:\/\/www.nidauer-stedtlifest.ch\/fr\/wp-json\/wp\/v2\/pages"}],"about":[{"href":"https:\/\/www.nidauer-stedtlifest.ch\/fr\/wp-json\/wp\/v2\/types\/page"}],"author":[{"embeddable":true,"href":"https:\/\/www.nidauer-stedtlifest.ch\/fr\/wp-json\/wp\/v2\/users\/9"}],"replies":[{"embeddable":true,"href":"https:\/\/www.nidauer-stedtlifest.ch\/fr\/wp-json\/wp\/v2\/comments?post=3860"}],"version-history":[{"count":33,"href":"https:\/\/www.nidauer-stedtlifest.ch\/fr\/wp-json\/wp\/v2\/pages\/3860\/revisions"}],"predecessor-version":[{"id":4910,"href":"https:\/\/www.nidauer-stedtlifest.ch\/fr\/wp-json\/wp\/v2\/pages\/3860\/revisions\/4910"}],"wp:featuredmedia":[{"embeddable":true,"href":"https:\/\/www.nidauer-stedtlifest.ch\/fr\/wp-json\/wp\/v2\/media\/1746"}],"wp:attachment":[{"href":"https:\/\/www.nidauer-stedtlifest.ch\/fr\/wp-json\/wp\/v2\/media?parent=3860"}],"wp:term":[{"taxonomy":"seitenarten","embeddable":true,"href":"https:\/\/www.nidauer-stedtlifest.ch\/fr\/wp-json\/wp\/v2\/seitenarten?post=3860"}],"curies":[{"name":"wp","href":"https:\/\/api.w.org\/{rel}","templated":true}]}}