{"id":3862,"date":"2023-01-09T18:11:57","date_gmt":"2023-01-09T17:11:57","guid":{"rendered":"https:\/\/www.nidauer-stedtlifest.ch\/histoire-stedtlifest\/"},"modified":"2025-11-09T20:56:19","modified_gmt":"2025-11-09T19:56:19","slug":"histoire-stedtlifest","status":"publish","type":"page","link":"https:\/\/www.nidauer-stedtlifest.ch\/fr\/histoire-stedtlifest\/","title":{"rendered":"Histoire Stedtlifest"},"content":{"rendered":"\n<p><strong>Maibowlenfescht<\/strong> &#8211; c&rsquo;est ainsi que s&rsquo;appelait la Stedtlifest il y a plus de <strong>50 ans<\/strong>. A l&rsquo;\u00e9poque, l&rsquo;enfant du jubil\u00e9 de cette ann\u00e9e \u00e9tait organis\u00e9 par un comit\u00e9 d&rsquo;organisation en collaboration avec l&rsquo;office du tourisme, les associations affili\u00e9es et les \u00e9coles de Nidau. En 1980, elle a \u00e9t\u00e9 rebaptis\u00e9e Stedtlifest et s&rsquo;est d\u00e9velopp\u00e9e depuis en une grande f\u00eate qui a attir\u00e9 de nombreux forains, marchands et visiteurs de pr\u00e8s et de loin.<\/p>\n\n<p>Les origines de la Stedtlifest remontent toutefois \u00e0 1935, lorsque la premi\u00e8re \u00e9dition du \u00ab\u00a0Maisonntag\u00a0\u00bb a eu lieu dans le quartier de Nidau, attirant entre <strong>10&rsquo;000 et 15&rsquo;000 visiteurs<\/strong>. Celui-ci \u00e9tait con\u00e7u comme un pendant aux dimanches de lecture de l&rsquo;autre c\u00f4t\u00e9 du lac et devait faire conna\u00eetre et animer le Stedtli.<\/p>\n\n<p><style>\/*! elementor - v3.11.4 - 12-03-2023 *\/<br \/>.elementor-widget-image-carousel .swiper,.elementor-widget-image-carousel .swiper-container{position:static}.elementor-widget-image-carousel .swiper-container .swiper-slide figure,.elementor-widget-image-carousel .swiper .swiper-slide figure{line-height:inherit}.elementor-widget-image-carousel .swiper-slide{text-align:center}.elementor-image-carousel-wrapper:not(.swiper-container-initialized) .swiper-slide,.elementor-image-carousel-wrapper:not(.swiper-initialized) .swiper-slide{max-width:calc(100% \/ var(--e-image-carousel-slides-to-show, 3))}<\/style><\/p>\n\n<p><\/p>\n","protected":false},"excerpt":{"rendered":"<p>Maibowlenfescht &#8211; c&rsquo;est ainsi que s&rsquo;appelait la Stedtlifest il y a plus de 50 ans. A l&rsquo;\u00e9poque, l&rsquo;enfant du jubil\u00e9 de cette ann\u00e9e \u00e9tait organis\u00e9 par un comit\u00e9 d&rsquo;organisation en collaboration avec l&rsquo;office du tourisme, les associations affili\u00e9es et les \u00e9coles de Nidau. En 1980, elle a \u00e9t\u00e9 rebaptis\u00e9e Stedtlifest et s&rsquo;est d\u00e9velopp\u00e9e depuis en &#8230; <a title=\"Histoire Stedtlifest\" class=\"read-more\" href=\"https:\/\/www.nidauer-stedtlifest.ch\/fr\/histoire-stedtlifest\/\" aria-label=\"En savoir plus sur Histoire Stedtlifest\">Read more<\/a><\/p>\n","protected":false},"author":9,"featured_media":2751,"parent":0,"menu_order":9,"comment_status":"closed","ping_status":"closed","template":"","meta":{"_acf_changed":false,"footnotes":""},"seitenarten":[],"class_list":["post-3862","page","type-page","status-publish","has-post-thumbnail"],"acf":[],"_links":{"self":[{"href":"https:\/\/www.nidauer-stedtlifest.ch\/fr\/wp-json\/wp\/v2\/pages\/3862","targetHints":{"allow":["GET"]}}],"collection":[{"href":"https:\/\/www.nidauer-stedtlifest.ch\/fr\/wp-json\/wp\/v2\/pages"}],"about":[{"href":"https:\/\/www.nidauer-stedtlifest.ch\/fr\/wp-json\/wp\/v2\/types\/page"}],"author":[{"embeddable":true,"href":"https:\/\/www.nidauer-stedtlifest.ch\/fr\/wp-json\/wp\/v2\/users\/9"}],"replies":[{"embeddable":true,"href":"https:\/\/www.nidauer-stedtlifest.ch\/fr\/wp-json\/wp\/v2\/comments?post=3862"}],"version-history":[{"count":1,"href":"https:\/\/www.nidauer-stedtlifest.ch\/fr\/wp-json\/wp\/v2\/pages\/3862\/revisions"}],"predecessor-version":[{"id":3863,"href":"https:\/\/www.nidauer-stedtlifest.ch\/fr\/wp-json\/wp\/v2\/pages\/3862\/revisions\/3863"}],"wp:featuredmedia":[{"embeddable":true,"href":"https:\/\/www.nidauer-stedtlifest.ch\/fr\/wp-json\/wp\/v2\/media\/2751"}],"wp:attachment":[{"href":"https:\/\/www.nidauer-stedtlifest.ch\/fr\/wp-json\/wp\/v2\/media?parent=3862"}],"wp:term":[{"taxonomy":"seitenarten","embeddable":true,"href":"https:\/\/www.nidauer-stedtlifest.ch\/fr\/wp-json\/wp\/v2\/seitenarten?post=3862"}],"curies":[{"name":"wp","href":"https:\/\/api.w.org\/{rel}","templated":true}]}}