{"id":3866,"date":"2024-03-13T18:05:08","date_gmt":"2024-03-13T17:05:08","guid":{"rendered":"https:\/\/www.nidauer-stedtlifest.ch\/zibelemaerit-2023\/"},"modified":"2025-11-09T20:56:11","modified_gmt":"2025-11-09T19:56:11","slug":"zibelemaerit-2026","status":"publish","type":"page","link":"https:\/\/www.nidauer-stedtlifest.ch\/fr\/zibelemaerit-2026\/","title":{"rendered":"Zibelem\u00e4rit 2026"},"content":{"rendered":"\n<p>Le 47e Zibelem\u00e4rit de Nidau aura lieu le 24 octobre 2026 de 8h00 \u00e0 17h00. <\/p>\n\n<p><\/p>\n\n<p>Nous vous recommandons de venir en transports publics ou \u00e0 pied.<\/p>\n\n<ul class=\"wp-block-list\">\n<li><strong>A pied<\/strong> : Depuis la gare de Bienne, il faut compter \u00e0 peine 15 minutes pour se rendre au Zibelem\u00e4rit.<\/li>\n\n\n\n<li><strong>Bus<\/strong> : Les lignes de bus n\u00b0 4 \/ 5 \/ 6 vous conduisent directement de la gare de Bienne au Zibelem\u00e4rit.<\/li>\n\n\n\n<li><strong>Train BTI<\/strong> : Depuis la gare de Bienne, le petit train Bienne-T\u00e4uffelen-Ins vous conduit \u00e0 la station Nidau et donc directement au Zibelem\u00e4rit.<\/li>\n<\/ul>\n","protected":false},"excerpt":{"rendered":"<p>Le prochain Zibelem\u00e4rit de Nidau aura lieu le 24 octobre 2026. Veuillez arriver \u00e0 pied, \u00e0 v\u00e9lo ou en transports publics. Il n&rsquo;y a pas de places de parking pour les visiteurs.<\/p>\n","protected":false},"author":9,"featured_media":3614,"parent":0,"menu_order":22,"comment_status":"closed","ping_status":"closed","template":"","meta":{"_acf_changed":false,"footnotes":""},"seitenarten":[33],"class_list":["post-3866","page","type-page","status-publish","has-post-thumbnail"],"acf":[],"_links":{"self":[{"href":"https:\/\/www.nidauer-stedtlifest.ch\/fr\/wp-json\/wp\/v2\/pages\/3866","targetHints":{"allow":["GET"]}}],"collection":[{"href":"https:\/\/www.nidauer-stedtlifest.ch\/fr\/wp-json\/wp\/v2\/pages"}],"about":[{"href":"https:\/\/www.nidauer-stedtlifest.ch\/fr\/wp-json\/wp\/v2\/types\/page"}],"author":[{"embeddable":true,"href":"https:\/\/www.nidauer-stedtlifest.ch\/fr\/wp-json\/wp\/v2\/users\/9"}],"replies":[{"embeddable":true,"href":"https:\/\/www.nidauer-stedtlifest.ch\/fr\/wp-json\/wp\/v2\/comments?post=3866"}],"version-history":[{"count":21,"href":"https:\/\/www.nidauer-stedtlifest.ch\/fr\/wp-json\/wp\/v2\/pages\/3866\/revisions"}],"predecessor-version":[{"id":4821,"href":"https:\/\/www.nidauer-stedtlifest.ch\/fr\/wp-json\/wp\/v2\/pages\/3866\/revisions\/4821"}],"wp:featuredmedia":[{"embeddable":true,"href":"https:\/\/www.nidauer-stedtlifest.ch\/fr\/wp-json\/wp\/v2\/media\/3614"}],"wp:attachment":[{"href":"https:\/\/www.nidauer-stedtlifest.ch\/fr\/wp-json\/wp\/v2\/media?parent=3866"}],"wp:term":[{"taxonomy":"seitenarten","embeddable":true,"href":"https:\/\/www.nidauer-stedtlifest.ch\/fr\/wp-json\/wp\/v2\/seitenarten?post=3866"}],"curies":[{"name":"wp","href":"https:\/\/api.w.org\/{rel}","templated":true}]}}