{"id":3872,"date":"2018-03-21T15:13:18","date_gmt":"2018-03-21T14:13:18","guid":{"rendered":"https:\/\/www.nidauer-stedtlifest.ch\/sponsoring\/"},"modified":"2025-11-09T20:53:20","modified_gmt":"2025-11-09T19:53:20","slug":"sponsoring","status":"publish","type":"page","link":"https:\/\/www.nidauer-stedtlifest.ch\/fr\/sponsoring\/","title":{"rendered":"Sponsoring"},"content":{"rendered":"\n<p>Chers entrepreneurs, chers particuliers, chers habitants de Nidau,<\/p>\n\n<p>La Stedtlifest de Nidau est principalement financ\u00e9e par la location des emplacements aux diff\u00e9rents exposants. En outre, la ville participe financi\u00e8rement dans la mesure o\u00f9 elle exon\u00e8re l&rsquo;organisateur de certains frais ou prend en charge gratuitement des travaux (p. ex. nettoyage)<\/p>\n\n<p>Il existe de nombreuses possibilit\u00e9s de soutenir la traditionnelle f\u00eate du printemps \u00e0 Nidau. Toutefois, ceux qui ne souhaitent pas ou ne peuvent pas participer activement, mais qui souhaitent n\u00e9anmoins se d\u00e9clarer solidaires de la manifestation locale, peuvent opter pour un sponsoring. Pour ce faire, vous pouvez choisir parmi diff\u00e9rentes variantes (voir le concept de sponsoring).<\/p>\n\n<p>Nous vous remercions de votre int\u00e9r\u00eat et de votre engagement et vous souhaitons d&rsquo;ores et d\u00e9j\u00e0 de joyeuses f\u00eates !<\/p>\n\n<p><a class=\"custom_link\" role=\"button\" href=\"https:\/\/www.nidauer-stedtlifest.ch\/wp-content\/uploads\/2023\/02\/2023-Sponsoringkonzept-Angebot.pdf\" target=\"_blank\" rel=\"noopener\">Concept de sponsoring<\/a>&#13;\n&#13;\n<a class=\"custom_link\" role=\"button\" href=\"https:\/\/www.nidauer-stedtlifest.ch\/wp-content\/uploads\/2023\/02\/2023-Sponsoringkonzept-Meldeformular.pdf\" target=\"_blank\" rel=\"noopener\">Inscription sponsoring<\/a><\/p>\n","protected":false},"excerpt":{"rendered":"<p>Il existe de nombreuses possibilit\u00e9s de soutenir la traditionnelle f\u00eate du printemps \u00e0 Nidau. Apprenez-en plus \u00e0 ce sujet.<\/p>\n","protected":false},"author":9,"featured_media":3006,"parent":0,"menu_order":24,"comment_status":"closed","ping_status":"closed","template":"","meta":{"_acf_changed":false,"footnotes":""},"seitenarten":[33],"class_list":["post-3872","page","type-page","status-publish","has-post-thumbnail"],"acf":[],"_links":{"self":[{"href":"https:\/\/www.nidauer-stedtlifest.ch\/fr\/wp-json\/wp\/v2\/pages\/3872","targetHints":{"allow":["GET"]}}],"collection":[{"href":"https:\/\/www.nidauer-stedtlifest.ch\/fr\/wp-json\/wp\/v2\/pages"}],"about":[{"href":"https:\/\/www.nidauer-stedtlifest.ch\/fr\/wp-json\/wp\/v2\/types\/page"}],"author":[{"embeddable":true,"href":"https:\/\/www.nidauer-stedtlifest.ch\/fr\/wp-json\/wp\/v2\/users\/9"}],"replies":[{"embeddable":true,"href":"https:\/\/www.nidauer-stedtlifest.ch\/fr\/wp-json\/wp\/v2\/comments?post=3872"}],"version-history":[{"count":1,"href":"https:\/\/www.nidauer-stedtlifest.ch\/fr\/wp-json\/wp\/v2\/pages\/3872\/revisions"}],"predecessor-version":[{"id":3873,"href":"https:\/\/www.nidauer-stedtlifest.ch\/fr\/wp-json\/wp\/v2\/pages\/3872\/revisions\/3873"}],"wp:featuredmedia":[{"embeddable":true,"href":"https:\/\/www.nidauer-stedtlifest.ch\/fr\/wp-json\/wp\/v2\/media\/3006"}],"wp:attachment":[{"href":"https:\/\/www.nidauer-stedtlifest.ch\/fr\/wp-json\/wp\/v2\/media?parent=3872"}],"wp:term":[{"taxonomy":"seitenarten","embeddable":true,"href":"https:\/\/www.nidauer-stedtlifest.ch\/fr\/wp-json\/wp\/v2\/seitenarten?post=3872"}],"curies":[{"name":"wp","href":"https:\/\/api.w.org\/{rel}","templated":true}]}}